{"id":5796,"date":"2013-05-31T08:44:43","date_gmt":"2013-05-31T08:44:43","guid":{"rendered":"http:\/\/impreza.us-themes.net\/"},"modified":"2021-03-10T22:28:18","modified_gmt":"2021-03-10T22:28:18","slug":"home","status":"publish","type":"page","link":"https:\/\/cocheriaoeste.com.ar\/","title":{"rendered":"Home"},"content":{"rendered":"<section class=\"l-section wpb_row height_medium width_full color_custom\"><div class=\"l-section-h i-cf\"><div class=\"g-cols vc_row type_default valign_top\"><div class=\"vc_col-sm-12 wpb_column vc_column_container\"><div class=\"vc_column-inner\"><div class=\"wpb_wrapper\">[rev_slider_vc alias=\u00bbcocheria\u00bb]<\/div><\/div><\/div><\/div><\/div><\/section><section class=\"l-section wpb_row height_medium\" id=\"first\"><div class=\"l-section-h i-cf\"><div class=\"g-cols vc_row type_default valign_top\"><div class=\"vc_col-sm-12 wpb_column vc_column_container\"><div class=\"vc_column-inner\"><div class=\"wpb_wrapper\">\r\n\t<div class=\"wpb_text_column \">\r\n\t\t<div class=\"wpb_wrapper\">\r\n\t\t\t<p style=\"text-align: center;\"><strong>Cocher\u00eda Oeste<\/strong> es una empresa de Oeste Servicios Sociales que est\u00e1 posicionada entre las mejores de Rosario y zona de influencia. Ofrecemos a nuestros clientes un servicio de excelencia, otorgando la calidez y contenci\u00f3n en momentos dif\u00edciles.<\/p>\n\r\n\t\t<\/div>\r\n\t<\/div>\r\n<\/div><\/div><\/div><\/div><\/div><\/section><section class=\"l-section wpb_row height_auto\" id=\"fourth\" style=\"margin-top: 5px !important;margin-bottom: 5px !important;\"><div class=\"l-section-h i-cf\"><div class=\"g-cols vc_row type_default valign_top\"><div class=\"vc_col-sm-12 wpb_column vc_column_container\"><div class=\"vc_column-inner\"><div class=\"wpb_wrapper\"><div class=\"w-image align_center\"><div class=\"w-image-h\"><img loading=\"lazy\" decoding=\"async\" width=\"1022\" height=\"127\" src=\"https:\/\/cocheriaoeste.com.ar\/wp-content\/uploads\/2018\/08\/complejos.jpg\" class=\"attachment-large size-large\" alt=\"\" srcset=\"https:\/\/cocheriaoeste.com.ar\/wp-content\/uploads\/2018\/08\/complejos.jpg 1022w, https:\/\/cocheriaoeste.com.ar\/wp-content\/uploads\/2018\/08\/complejos-300x37.jpg 300w, https:\/\/cocheriaoeste.com.ar\/wp-content\/uploads\/2018\/08\/complejos-600x75.jpg 600w\" sizes=\"(max-width: 1022px) 100vw, 1022px\" \/><\/div><\/div><div class=\"w-separator size_medium\"><\/div><\/div><\/div><\/div><\/div><\/div><\/section><section class=\"l-section wpb_row height_auto\" style=\"margin-top: 5px !important;margin-bottom: 5px !important;\"><div class=\"l-section-h i-cf\"><div class=\"g-cols vc_row type_default valign_top\"><div class=\"vc_col-sm-12 wpb_column vc_column_container\"><div class=\"vc_column-inner\"><div class=\"wpb_wrapper\"><div class=\"w-separator size_medium\"><\/div><div class=\"w-image align_center\"><div class=\"w-image-h\"><img loading=\"lazy\" decoding=\"async\" width=\"1024\" height=\"157\" src=\"https:\/\/cocheriaoeste.com.ar\/wp-content\/uploads\/2021\/02\/zona-oeste-100-1024x157.jpg\" class=\"attachment-large size-large\" alt=\"\" srcset=\"https:\/\/cocheriaoeste.com.ar\/wp-content\/uploads\/2021\/02\/zona-oeste-100.jpg 1024w, https:\/\/cocheriaoeste.com.ar\/wp-content\/uploads\/2021\/02\/zona-oeste-100-300x46.jpg 300w, https:\/\/cocheriaoeste.com.ar\/wp-content\/uploads\/2021\/02\/zona-oeste-100-600x92.jpg 600w\" sizes=\"(max-width: 1024px) 100vw, 1024px\" \/><\/div><\/div><\/div><\/div><\/div><\/div><\/div><\/section><section class=\"l-section wpb_row height_auto\" style=\"margin-top: 5px !important;margin-bottom: 5px !important;\"><div class=\"l-section-h i-cf\"><div class=\"g-cols vc_row type_default valign_top\"><div class=\"vc_col-sm-4 wpb_column vc_column_container\"><div class=\"vc_column-inner\"><div class=\"wpb_wrapper\"><div class=\"w-image align_right\"><div class=\"w-image-h\"><img loading=\"lazy\" decoding=\"async\" width=\"332\" height=\"187\" src=\"https:\/\/cocheriaoeste.com.ar\/wp-content\/uploads\/2018\/08\/i1.jpg\" class=\"attachment-large size-large\" alt=\"\" srcset=\"https:\/\/cocheriaoeste.com.ar\/wp-content\/uploads\/2018\/08\/i1.jpg 332w, https:\/\/cocheriaoeste.com.ar\/wp-content\/uploads\/2018\/08\/i1-300x169.jpg 300w\" sizes=\"(max-width: 332px) 100vw, 332px\" \/><\/div><\/div><\/div><\/div><\/div><div class=\"vc_col-sm-4 wpb_column vc_column_container\"><div class=\"vc_column-inner\"><div class=\"wpb_wrapper\"><div class=\"w-image align_center\"><div class=\"w-image-h\"><img loading=\"lazy\" decoding=\"async\" width=\"333\" height=\"187\" src=\"https:\/\/cocheriaoeste.com.ar\/wp-content\/uploads\/2018\/08\/i2.jpg\" class=\"attachment-large size-large\" alt=\"\" srcset=\"https:\/\/cocheriaoeste.com.ar\/wp-content\/uploads\/2018\/08\/i2.jpg 333w, https:\/\/cocheriaoeste.com.ar\/wp-content\/uploads\/2018\/08\/i2-300x168.jpg 300w\" sizes=\"(max-width: 333px) 100vw, 333px\" \/><\/div><\/div><\/div><\/div><\/div><div class=\"vc_col-sm-4 wpb_column vc_column_container\"><div class=\"vc_column-inner\"><div class=\"wpb_wrapper\"><div class=\"w-image align_left\"><div class=\"w-image-h\"><img loading=\"lazy\" decoding=\"async\" width=\"333\" height=\"187\" src=\"https:\/\/cocheriaoeste.com.ar\/wp-content\/uploads\/2018\/08\/i3.jpg\" class=\"attachment-large size-large\" alt=\"\" srcset=\"https:\/\/cocheriaoeste.com.ar\/wp-content\/uploads\/2018\/08\/i3.jpg 333w, https:\/\/cocheriaoeste.com.ar\/wp-content\/uploads\/2018\/08\/i3-300x168.jpg 300w\" sizes=\"(max-width: 333px) 100vw, 333px\" \/><\/div><\/div><\/div><\/div><\/div><\/div><\/div><\/section><section class=\"l-section wpb_row height_auto\" style=\"margin-top: 5px !important;margin-bottom: 5px !important;\"><div class=\"l-section-h i-cf\"><div class=\"g-cols vc_row type_default valign_top\"><div class=\"vc_col-sm-12 wpb_column vc_column_container\"><div class=\"vc_column-inner\"><div class=\"wpb_wrapper\"><div class=\"w-separator size_medium\"><\/div><div class=\"w-image align_center\"><div class=\"w-image-h\"><img loading=\"lazy\" decoding=\"async\" width=\"1024\" height=\"157\" src=\"https:\/\/cocheriaoeste.com.ar\/wp-content\/uploads\/2021\/02\/zona-norte-100-1024x157.jpg\" class=\"attachment-large size-large\" alt=\"\" srcset=\"https:\/\/cocheriaoeste.com.ar\/wp-content\/uploads\/2021\/02\/zona-norte-100.jpg 1024w, https:\/\/cocheriaoeste.com.ar\/wp-content\/uploads\/2021\/02\/zona-norte-100-300x46.jpg 300w, https:\/\/cocheriaoeste.com.ar\/wp-content\/uploads\/2021\/02\/zona-norte-100-600x92.jpg 600w\" sizes=\"(max-width: 1024px) 100vw, 1024px\" \/><\/div><\/div><\/div><\/div><\/div><\/div><\/div><\/section><section class=\"l-section wpb_row height_auto\" style=\"margin-top: 5px !important;margin-bottom: 5px !important;\"><div class=\"l-section-h i-cf\"><div class=\"g-cols vc_row type_default valign_top\"><div class=\"vc_col-sm-4 wpb_column vc_column_container\"><div class=\"vc_column-inner\"><div class=\"wpb_wrapper\"><div class=\"w-image align_right\"><div class=\"w-image-h\"><img loading=\"lazy\" decoding=\"async\" width=\"334\" height=\"187\" src=\"https:\/\/cocheriaoeste.com.ar\/wp-content\/uploads\/2018\/08\/ai1.jpg\" class=\"attachment-large size-large\" alt=\"\" srcset=\"https:\/\/cocheriaoeste.com.ar\/wp-content\/uploads\/2018\/08\/ai1.jpg 334w, https:\/\/cocheriaoeste.com.ar\/wp-content\/uploads\/2018\/08\/ai1-300x168.jpg 300w\" sizes=\"(max-width: 334px) 100vw, 334px\" \/><\/div><\/div><\/div><\/div><\/div><div class=\"vc_col-sm-4 wpb_column vc_column_container\"><div class=\"vc_column-inner\"><div class=\"wpb_wrapper\"><div class=\"w-image align_center\"><div class=\"w-image-h\"><img loading=\"lazy\" decoding=\"async\" width=\"332\" height=\"187\" src=\"https:\/\/cocheriaoeste.com.ar\/wp-content\/uploads\/2018\/08\/ai2.jpg\" class=\"attachment-large size-large\" alt=\"\" srcset=\"https:\/\/cocheriaoeste.com.ar\/wp-content\/uploads\/2018\/08\/ai2.jpg 332w, https:\/\/cocheriaoeste.com.ar\/wp-content\/uploads\/2018\/08\/ai2-300x169.jpg 300w\" sizes=\"(max-width: 332px) 100vw, 332px\" \/><\/div><\/div><\/div><\/div><\/div><div class=\"vc_col-sm-4 wpb_column vc_column_container\"><div class=\"vc_column-inner\"><div class=\"wpb_wrapper\"><div class=\"w-image align_left\"><div class=\"w-image-h\"><img loading=\"lazy\" decoding=\"async\" width=\"332\" height=\"187\" src=\"https:\/\/cocheriaoeste.com.ar\/wp-content\/uploads\/2018\/08\/ai3.jpg\" class=\"attachment-large size-large\" alt=\"\" srcset=\"https:\/\/cocheriaoeste.com.ar\/wp-content\/uploads\/2018\/08\/ai3.jpg 332w, https:\/\/cocheriaoeste.com.ar\/wp-content\/uploads\/2018\/08\/ai3-300x169.jpg 300w\" sizes=\"(max-width: 332px) 100vw, 332px\" \/><\/div><\/div><\/div><\/div><\/div><\/div><\/div><\/section><section class=\"l-section wpb_row height_auto\" style=\"margin-top: 5px !important;margin-bottom: 5px !important;\"><div class=\"l-section-h i-cf\"><div class=\"g-cols vc_row type_default valign_top\"><div class=\"vc_col-sm-3 wpb_column vc_column_container\"><div class=\"vc_column-inner\"><div class=\"wpb_wrapper\"><div class=\"w-separator size_medium\"><\/div><div class=\"w-separator size_medium\"><\/div><div class=\"w-iconbox iconpos_top style_circle color_primary align_center\"><div class=\"w-iconbox-icon\"><i class=\"fas fa-users\"><\/i><\/div><div class=\"w-iconbox-meta\"><h4 class=\"w-iconbox-title\">Personal especializado<\/h4><div class=\"w-iconbox-text\"><p>Disponible las 24 horas, se encargar\u00e1 de llevar a cabo todos<br \/>\nlos detalles del servicio.<\/p>\n<\/div><\/div><\/div><div class=\"w-separator size_medium\"><\/div><\/div><\/div><\/div><div class=\"vc_col-sm-3 wpb_column vc_column_container\"><div class=\"vc_column-inner\"><div class=\"wpb_wrapper\"><div class=\"w-separator size_medium\"><\/div><div class=\"w-separator size_medium\"><\/div><div class=\"w-iconbox iconpos_top style_circle color_primary align_center\"><div class=\"w-iconbox-icon\"><i class=\"fas fa-couch\"><\/i><\/div><div class=\"w-iconbox-meta\"><h4 class=\"w-iconbox-title\">Complejos velatorios<\/h4><div class=\"w-iconbox-text\"><p style=\"text-align: center;\">C\u00f3modos complejos velatorios equipados con cocina, dormitorio de descanso,<br \/>\nba\u00f1os y un amplio estar climatizado.<\/p>\n<\/div><\/div><\/div><div class=\"w-separator size_medium\"><\/div><\/div><\/div><\/div><div class=\"vc_col-sm-3 wpb_column vc_column_container\"><div class=\"vc_column-inner\"><div class=\"wpb_wrapper\"><div class=\"w-separator size_medium\"><\/div><div class=\"w-separator size_medium\"><\/div><div class=\"w-iconbox iconpos_top style_circle color_primary align_center\"><div class=\"w-iconbox-icon\"><i class=\"fas fa-building\"><\/i><\/div><div class=\"w-iconbox-meta\"><h4 class=\"w-iconbox-title\">Infraestructura<\/h4><div class=\"w-iconbox-text\"><p style=\"text-align: center;\">Kinder, bar, desayuno, cafeter\u00eda, servicio de azafata.<\/p>\n<\/div><\/div><\/div><div class=\"w-separator size_medium\"><\/div><\/div><\/div><\/div><div class=\"vc_col-sm-3 wpb_column vc_column_container\"><div class=\"vc_column-inner\"><div class=\"wpb_wrapper\"><div class=\"w-separator size_medium\"><\/div><div class=\"w-separator size_medium\"><\/div><div class=\"w-iconbox iconpos_top style_circle color_primary align_center\"><div class=\"w-iconbox-icon\"><i class=\"fas fa-car\"><\/i><\/div><div class=\"w-iconbox-meta\"><h4 class=\"w-iconbox-title\">Veh\u00edculos<\/h4><div class=\"w-iconbox-text\"><p style=\"text-align: center;\">Flota de veh\u00edculos de categor\u00eda.<\/p>\n<\/div><\/div><\/div><div class=\"w-separator size_medium\"><\/div><\/div><\/div><\/div><\/div><\/div><\/section><section class=\"l-section wpb_row height_auto with_img\" style=\"margin-top: 5px !important;margin-bottom: 5px !important;\"><div class=\"l-section-img\" style=\"background-image: url(https:\/\/cocheriaoeste.com.ar\/wp-content\/uploads\/2018\/08\/backs.jpg);\" data-img-width=\"1024\" data-img-height=\"1024\"><\/div><div class=\"l-section-h i-cf\" style=\"padding-top: -10px !important;\"><div class=\"g-cols vc_row type_default valign_top\"><div class=\"vc_col-sm-8 wpb_column vc_column_container\"><div class=\"vc_column-inner\"><div class=\"wpb_wrapper\">\r\n\t<div class=\"wpb_text_column  vc_custom_1571666751888\">\r\n\t\t<div class=\"wpb_wrapper\">\r\n\t\t\t<h3><span style=\"color: #ffffff;\"><em><strong>SERVICIOS ADICIONALES<\/strong><\/em><\/span><\/h3>\n<p><span style=\"color: #ffffff;\">\u2192 Florer\u00eda.<\/span><br \/>\n<span style=\"color: #ffffff;\">\u2192 Ubicaci\u00f3n de nichos y parcelas.<\/span><br \/>\n<span style=\"color: #ffffff;\">\u2192Ata\u00fades tem\u00e1ticos<\/span><br \/>\n<span style=\"color: #ffffff;\">\u2192 Reducciones y vaciamiento de sepulturas<\/span><br \/>\n<span style=\"color: #ffffff;\">\u2192 Traslados regionales, nacionales e internacionales.<\/span><br \/>\n<span style=\"color: #ffffff;\">\u2192 Tanatoest\u00e9tica<br \/>\n<\/span><span style=\"color: #ffffff;\">\u2192 Tanatopraxia<\/span><\/p>\n\r\n\t\t<\/div>\r\n\t<\/div>\r\n<\/div><\/div><\/div><div class=\"vc_col-sm-4 wpb_column vc_column_container has-fill\"><div class=\"vc_column-inner  vc_custom_1571667415073\"><div class=\"wpb_wrapper\">\n<div class=\"wpcf7 no-js\" id=\"wpcf7-f6373-o1\" lang=\"es-ES\" dir=\"ltr\">\n<div class=\"screen-reader-response\"><p role=\"status\" aria-live=\"polite\" aria-atomic=\"true\"><\/p> <ul><\/ul><\/div>\n<form action=\"\/index.php?rest_route=%2Fwp%2Fv2%2Fpages%2F5796#wpcf7-f6373-o1\" method=\"post\" class=\"wpcf7-form init cf7-style minimal-brown\" aria-label=\"Formulario de contacto\" novalidate=\"novalidate\" data-status=\"init\">\n<div style=\"display: none;\">\n<input type=\"hidden\" name=\"_wpcf7\" value=\"6373\" \/>\n<input type=\"hidden\" name=\"_wpcf7_version\" value=\"5.9.2\" \/>\n<input type=\"hidden\" name=\"_wpcf7_locale\" value=\"es_ES\" \/>\n<input type=\"hidden\" name=\"_wpcf7_unit_tag\" value=\"wpcf7-f6373-o1\" \/>\n<input type=\"hidden\" name=\"_wpcf7_container_post\" value=\"0\" \/>\n<input type=\"hidden\" name=\"_wpcf7_posted_data_hash\" value=\"\" \/>\n<\/div>\n<h3>\n\t<font color=\"navy\">\n\t\t<p><b>\u00a1ASOCIATE HOY!<\/b>\n\t\t<\/p>\n\t<\/font>\n<\/h3>\n<h5>Dej\u00e1 tus datos y te contactar\u00e1 un asesor con un plan a tu medida.\n<\/h5>\n<div style=\"margin-bottom: 5px;\">\n\t<p><span class=\"wpcf7-form-control-wrap\" data-name=\"nombre\"><input size=\"40\" class=\"wpcf7-form-control wpcf7-text wpcf7-validates-as-required\" id=\"nombre\" aria-required=\"true\" aria-invalid=\"false\" placeholder=\"Nombre y Apellido\" value=\"\" type=\"text\" name=\"nombre\" \/><\/span>\n\t<\/p>\n<\/div>\n<div style=\"margin-bottom: 5px;\">\n\t<p><span class=\"wpcf7-form-control-wrap\" data-name=\"email\"><input size=\"40\" class=\"wpcf7-form-control wpcf7-email wpcf7-validates-as-required wpcf7-text wpcf7-validates-as-email\" id=\"mail\" aria-required=\"true\" aria-invalid=\"false\" placeholder=\"E-mail\" value=\"\" type=\"email\" name=\"email\" \/><\/span>\n\t<\/p>\n<\/div>\n<div style=\"margin-bottom: 5px;\">\n\t<p><span class=\"wpcf7-form-control-wrap\" data-name=\"tel\"><input size=\"40\" class=\"wpcf7-form-control wpcf7-tel wpcf7-validates-as-required wpcf7-text wpcf7-validates-as-tel\" id=\"tel\" aria-required=\"true\" aria-invalid=\"false\" placeholder=\"Tel\u00e9fono\" value=\"\" type=\"tel\" name=\"tel\" \/><\/span>\n\t<\/p>\n<\/div>\n<div style=\"margin-bottom: 5px;\">\n\t<p><span class=\"wpcf7-form-control-wrap\" data-name=\"menu-253\"><select class=\"wpcf7-form-control wpcf7-select wpcf7-validates-as-required\" aria-required=\"true\" aria-invalid=\"false\" name=\"menu-253\"><option value=\"Empresa \/ Particular\">Empresa \/ Particular<\/option><option value=\"Particular\">Particular<\/option><option value=\"Empresa\">Empresa<\/option><\/select><\/span>\n\t<\/p>\n<\/div>\n<div>\n\t<p><button id=\"enviar\">Enviar<\/button>\n\t<\/p>\n<\/div><div class=\"wpcf7-response-output\" aria-hidden=\"true\"><\/div>\n<\/form>\n<\/div>\n[vc_raw_js]JTNDc2NyaXB0JTNFJTBBJTBBalF1ZXJ5JTI4JTIyJTIzZW52aWFyJTIyJTI5LmNsaWNrJTI4ZnVuY3Rpb24lMjglMjklMjAlN0IlMEElMEElMDlpZiUyOGpRdWVyeSUyOCUyMiUyM25vbWJyZSUyMiUyOS52YWwlMjglMjklMjAlMjYlMjYlMjBqUXVlcnklMjglMjIlMjN0ZWwlMjIlMjkudmFsJTI4JTI5JTIwJTI2JTI2JTIwalF1ZXJ5JTI4JTIyJTIzbWFpbCUyMiUyOS52YWwlMjglMjklMjAlMjklMEElMDklN0IlMEFqUXVlcnkuYWpheCUyOCU3QiUyMCUwQSUwOXR5cGUlM0ElMjAlMjJQT1NUJTIyJTJDJTBBJTA5dXJsJTNBJTIwJTI3aHR0cCUzQSUyRiUyRmI4OGYwYmVkM2E5ZS5zbi5teW5ldG5hbWUubmV0JTNBODE4MyUyRnNlcnZpY2UuYXNteCUyRlJlZ2lzdHJhck1haWwlMjclMkMlMEElMDljcm9zc0RvbWFpbiUzQSUyMHRydWUlMkMlMEElMDlkYXRhJTNBJTIwJTdCJTIwZW1wcmVzYSUzQSUyMCUyN0NvY2hlciVDMyVBRGElMjclMjAlMkMlMjBub21icmUlMjAlM0ElMjBqUXVlcnklMjglMjclMjNub21icmUlMjclMjkudmFsJTI4JTI5JTIwJTJDJTIwZW1haWwlM0ElMjBqUXVlcnklMjglMjclMjNtYWlsJTI3JTI5LnZhbCUyOCUyOSUyQyUyMHRlbGVmb25vJTNBalF1ZXJ5JTI4JTI3JTIzdGVsJTI3JTI5LnZhbCUyOCUyOSUyMCUyMCU3RCUyQyUwQSUwOWRhdGFUeXBlJTNBJTIwJTIydGV4dCUyMiUyQyUwQSUwOXN1Y2Nlc3MlM0ElMjBmdW5jdGlvbiUyMCUyOG1zZyUyOSUyMCU3QiUyMCUwQSUwOSUwOSUwQSUwOSU3RCUyMCUwQSUwOSUyQyUyMCUwQSUwOWVycm9yJTNBJTIwZnVuY3Rpb24lMjAlMjhlcnIlMjklMjAlN0IlMjAlMEElMDklMDklMEElMDklN0QlMjAlMEElN0QlMjklM0IlMjAlMEElMEElN0QlMEElN0QlMjklM0IlMEElM0MlMkZzY3JpcHQlM0U=[\/vc_raw_js]<\/div><\/div><\/div><\/div><\/div><\/section>\n","protected":false},"excerpt":{"rendered":"[rev_slider_vc alias=\"cocheria\"] Cocher\u00eda Oeste es una empresa de Oeste Servicios Sociales que est\u00e1 posicionada entre las mejores de Rosario y zona de influencia. Ofrecemos a nuestros clientes un servicio de excelencia, otorgando la calidez y contenci\u00f3n en momentos dif\u00edciles. Personal especializadoDisponible las 24 horas, se encargar\u00e1 de llevar a cabo todos los detalles del servicio....","protected":false},"author":2,"featured_media":0,"parent":0,"menu_order":0,"comment_status":"closed","ping_status":"closed","template":"","meta":{"footnotes":""},"yoast_head":"<!-- This site is optimized with the Yoast SEO plugin v22.2 - https:\/\/yoast.com\/wordpress\/plugins\/seo\/ -->\n<title>Home - Cocher\u00eda Oeste<\/title>\n<meta name=\"robots\" content=\"noindex, follow, max-snippet:-1, max-image-preview:large, max-video-preview:-1\" \/>\n<meta property=\"og:locale\" content=\"es_ES\" \/>\n<meta property=\"og:type\" content=\"article\" \/>\n<meta property=\"og:title\" content=\"Home - Cocher\u00eda Oeste\" \/>\n<meta property=\"og:url\" content=\"https:\/\/cocheriaoeste.com.ar\/\" \/>\n<meta property=\"og:site_name\" content=\"Cocher\u00eda Oeste\" \/>\n<meta property=\"article:modified_time\" content=\"2021-03-10T22:28:18+00:00\" \/>\n<meta name=\"twitter:card\" content=\"summary_large_image\" \/>\n<meta name=\"twitter:label1\" content=\"Tiempo de lectura\" \/>\n\t<meta name=\"twitter:data1\" content=\"1 minuto\" \/>\n<script type=\"application\/ld+json\" class=\"yoast-schema-graph\">{\"@context\":\"https:\/\/schema.org\",\"@graph\":[{\"@type\":\"WebPage\",\"@id\":\"https:\/\/cocheriaoeste.com.ar\/\",\"url\":\"https:\/\/cocheriaoeste.com.ar\/\",\"name\":\"Home - Cocher\u00eda Oeste\",\"isPartOf\":{\"@id\":\"https:\/\/cocheriaoeste.com.ar\/#website\"},\"datePublished\":\"2013-05-31T08:44:43+00:00\",\"dateModified\":\"2021-03-10T22:28:18+00:00\",\"breadcrumb\":{\"@id\":\"https:\/\/cocheriaoeste.com.ar\/#breadcrumb\"},\"inLanguage\":\"es\",\"potentialAction\":[{\"@type\":\"ReadAction\",\"target\":[\"https:\/\/cocheriaoeste.com.ar\/\"]}]},{\"@type\":\"BreadcrumbList\",\"@id\":\"https:\/\/cocheriaoeste.com.ar\/#breadcrumb\",\"itemListElement\":[{\"@type\":\"ListItem\",\"position\":1,\"name\":\"Portada\",\"item\":\"https:\/\/cocheriaoeste.com.ar\/\"},{\"@type\":\"ListItem\",\"position\":2,\"name\":\"Home\"}]},{\"@type\":\"WebSite\",\"@id\":\"https:\/\/cocheriaoeste.com.ar\/#website\",\"url\":\"https:\/\/cocheriaoeste.com.ar\/\",\"name\":\"Cocher\u00eda Oeste\",\"description\":\"\",\"potentialAction\":[{\"@type\":\"SearchAction\",\"target\":{\"@type\":\"EntryPoint\",\"urlTemplate\":\"https:\/\/cocheriaoeste.com.ar\/?s={search_term_string}\"},\"query-input\":\"required name=search_term_string\"}],\"inLanguage\":\"es\"}]}<\/script>\n<!-- \/ Yoast SEO plugin. -->","yoast_head_json":{"title":"Home - Cocher\u00eda Oeste","robots":{"index":"noindex","follow":"follow","max-snippet":"max-snippet:-1","max-image-preview":"max-image-preview:large","max-video-preview":"max-video-preview:-1"},"og_locale":"es_ES","og_type":"article","og_title":"Home - Cocher\u00eda Oeste","og_url":"https:\/\/cocheriaoeste.com.ar\/","og_site_name":"Cocher\u00eda Oeste","article_modified_time":"2021-03-10T22:28:18+00:00","twitter_card":"summary_large_image","twitter_misc":{"Tiempo de lectura":"1 minuto"},"schema":{"@context":"https:\/\/schema.org","@graph":[{"@type":"WebPage","@id":"https:\/\/cocheriaoeste.com.ar\/","url":"https:\/\/cocheriaoeste.com.ar\/","name":"Home - Cocher\u00eda Oeste","isPartOf":{"@id":"https:\/\/cocheriaoeste.com.ar\/#website"},"datePublished":"2013-05-31T08:44:43+00:00","dateModified":"2021-03-10T22:28:18+00:00","breadcrumb":{"@id":"https:\/\/cocheriaoeste.com.ar\/#breadcrumb"},"inLanguage":"es","potentialAction":[{"@type":"ReadAction","target":["https:\/\/cocheriaoeste.com.ar\/"]}]},{"@type":"BreadcrumbList","@id":"https:\/\/cocheriaoeste.com.ar\/#breadcrumb","itemListElement":[{"@type":"ListItem","position":1,"name":"Portada","item":"https:\/\/cocheriaoeste.com.ar\/"},{"@type":"ListItem","position":2,"name":"Home"}]},{"@type":"WebSite","@id":"https:\/\/cocheriaoeste.com.ar\/#website","url":"https:\/\/cocheriaoeste.com.ar\/","name":"Cocher\u00eda Oeste","description":"","potentialAction":[{"@type":"SearchAction","target":{"@type":"EntryPoint","urlTemplate":"https:\/\/cocheriaoeste.com.ar\/?s={search_term_string}"},"query-input":"required name=search_term_string"}],"inLanguage":"es"}]}},"_links":{"self":[{"href":"https:\/\/cocheriaoeste.com.ar\/index.php?rest_route=\/wp\/v2\/pages\/5796"}],"collection":[{"href":"https:\/\/cocheriaoeste.com.ar\/index.php?rest_route=\/wp\/v2\/pages"}],"about":[{"href":"https:\/\/cocheriaoeste.com.ar\/index.php?rest_route=\/wp\/v2\/types\/page"}],"author":[{"embeddable":true,"href":"https:\/\/cocheriaoeste.com.ar\/index.php?rest_route=\/wp\/v2\/users\/2"}],"replies":[{"embeddable":true,"href":"https:\/\/cocheriaoeste.com.ar\/index.php?rest_route=%2Fwp%2Fv2%2Fcomments&post=5796"}],"version-history":[{"count":81,"href":"https:\/\/cocheriaoeste.com.ar\/index.php?rest_route=\/wp\/v2\/pages\/5796\/revisions"}],"predecessor-version":[{"id":7248,"href":"https:\/\/cocheriaoeste.com.ar\/index.php?rest_route=\/wp\/v2\/pages\/5796\/revisions\/7248"}],"wp:attachment":[{"href":"https:\/\/cocheriaoeste.com.ar\/index.php?rest_route=%2Fwp%2Fv2%2Fmedia&parent=5796"}],"curies":[{"name":"wp","href":"https:\/\/api.w.org\/{rel}","templated":true}]}}