{"id":6936,"date":"2018-10-22T19:44:39","date_gmt":"2018-10-22T19:44:39","guid":{"rendered":"https:\/\/cocheriaoeste.com.ar\/?page_id=6936"},"modified":"2018-12-12T18:56:00","modified_gmt":"2018-12-12T18:56:00","slug":"informacion-general","status":"publish","type":"page","link":"https:\/\/cocheriaoeste.com.ar\/?page_id=6936","title":{"rendered":"Informaci\u00f3n General"},"content":{"rendered":"<p><strong>EN CASO DE NECESITAR UN SERVICIO DIRIGIRSE O LLAMAR A:<br \/>\nMENDOZA 6534 (0341-4565827\/0341-4565944)<br \/>\nDARRAGUEIRA 1173 (0341-6792682\/0341-4556644)<\/strong><\/p>\n<p><strong>DOCUMENTACI\u00d3N INDISPENSABLE A PRESENTAR PARA SOLICITAR EL SERVICIO:<\/strong><br \/>\nDNI FALLECIDO<br \/>\nDNI CONTRATANTE<br \/>\nCERTIFICADO DE DEFUNCI\u00d3N FIRMADO<br \/>\nLIBRETA DE MATRIMONIO SI FUERA CASADO (NO ES INDISPENSABLE)<\/p>\n<p><strong>DOCUMENTACI\u00d3N SECUNDARIA:<\/strong> CADA OBRA SOCIAL TIENE SUS REQUISITOS Y DOCUMENTACIONES A PRESENTAR, QUE EL PERSONAL DE TURNO SOLICITARA EN EL MOMENTO DE SOLICITAR EL SERVICIO, EN CASO DE SER PARTICULAR SOLO SE LE SOLICITAR\u00cdA LA DOCUMENTACI\u00d3N INDISPENSABLE ANTERIORMENTE DESCRIPTA.<\/p>\n<p><strong>INHUMACI\u00d3N:<\/strong><br \/>\nEN CASO DE INHUMAR EN SEPULTURA PROPIA PRESENTAR TITULO DE PROPIEDAD Y DNI DEL TITULAR.<br \/>\nSI UTILIZA LA PARCELA QUE LE BRINDA LA MUTUAL SOLO DNI DE QUIEN SERA EL TITULAR (EN CASO DE SER SOCIO DE OESTE O DE ALGUNA OBRA SOCIAL QUE LE BRINDE SEPULTURA)<br \/>\nEN CASO DE NO TENER SEPULTURA EXISTEN OPCIONES DE COMPRA Y ARRENDAMIENTOS (SEG\u00daN DISPONIBILIDAD)EN LOS CEMENTERIOS MUNICIPALES.<\/p>\n<p>1- EN CASO DE CREMACI\u00d3N: EXISTE LA POSIBILIDAD DEL CREMATORIO PUBLICO EN EL CEMENTERIO LA PIEDAD Y POR OTRO LADO CREMATORIOS PRIVADOS EN LOCALIDADES VECINAS<br \/>\n2- PRESENTAR: LIBRETA DE MATRIMONIO (SI O SI)<br \/>\nSI EL C\u00d3NYUGE ESTA EN VIDA ES QUIEN AUTORIZA.<br \/>\nSI EL C\u00d3NYUGE ESTA FALLECIDO AUTORIZAN TODOS LOS HIJOS RECONOCIDOS EN DICHA LIBRETA.<\/p>\n<p><strong>IMPORTANTE:<\/strong> CON RESPECTO A LA CREMACI\u00d3N, TODA PERSONA EN VIDA PUEDE DECIDIR POR SI MISMO SER CREMADA EN EL MOMENTO DE SU DECESO, TENIENDO 2 OPCIONES: 1) ACERCARSE A LAS OFICINAS DEL CEMENTERIO EL SALVADOR POR CALLE OVIDIO LAGOS CON SU DNI Y 2 TESTIGOS Y REALIZAR LO QUE SE LLAMA LA CREMACI\u00d3N VOLUNTARIA PUBLICA. PAGANDO EL IMPUESTO CORRESPONDIENTE AL D\u00cdA DE SU REALIZACI\u00d3N SE PODR\u00c1 UTILIZAR EN EL MOMENTO DEL FALLECIMIENTO. 2)ACERCARSE A LA COCHER\u00cdA Y PODREMOS TRAMITARLE CON EL CANON Y LA DOCUMENTACI\u00d3N LO QUE SE LLAMA LA CREMACI\u00d3N VOLUNTARIA PRIVADA.<\/p>\n","protected":false},"excerpt":{"rendered":"<p>EN CASO DE NECESITAR UN SERVICIO DIRIGIRSE O LLAMAR A: MENDOZA 6534 (0341-4565827\/0341-4565944) DARRAGUEIRA 1173 (0341-6792682\/0341-4556644) DOCUMENTACI\u00d3N INDISPENSABLE A PRESENTAR PARA SOLICITAR EL SERVICIO: DNI FALLECIDO DNI CONTRATANTE CERTIFICADO DE DEFUNCI\u00d3N FIRMADO LIBRETA DE MATRIMONIO SI FUERA CASADO (NO ES INDISPENSABLE) DOCUMENTACI\u00d3N SECUNDARIA: CADA OBRA SOCIAL TIENE SUS REQUISITOS Y DOCUMENTACIONES A PRESENTAR, QUE EL&#8230;<\/p>\n","protected":false},"author":2,"featured_media":0,"parent":0,"menu_order":0,"comment_status":"closed","ping_status":"closed","template":"","meta":{"footnotes":""},"yoast_head":"<!-- This site is optimized with the Yoast SEO plugin v22.2 - https:\/\/yoast.com\/wordpress\/plugins\/seo\/ -->\n<title>Informaci\u00f3n General - Cocher\u00eda Oeste<\/title>\n<meta name=\"robots\" content=\"noindex, follow, max-snippet:-1, max-image-preview:large, max-video-preview:-1\" \/>\n<meta property=\"og:locale\" content=\"es_ES\" \/>\n<meta property=\"og:type\" content=\"article\" \/>\n<meta property=\"og:title\" content=\"Informaci\u00f3n General - Cocher\u00eda Oeste\" \/>\n<meta property=\"og:description\" content=\"EN CASO DE NECESITAR UN SERVICIO DIRIGIRSE O LLAMAR A: MENDOZA 6534 (0341-4565827\/0341-4565944) DARRAGUEIRA 1173 (0341-6792682\/0341-4556644) DOCUMENTACI\u00d3N INDISPENSABLE A PRESENTAR PARA SOLICITAR EL SERVICIO: DNI FALLECIDO DNI CONTRATANTE CERTIFICADO DE DEFUNCI\u00d3N FIRMADO LIBRETA DE MATRIMONIO SI FUERA CASADO (NO ES INDISPENSABLE) DOCUMENTACI\u00d3N SECUNDARIA: CADA OBRA SOCIAL TIENE SUS REQUISITOS Y DOCUMENTACIONES A PRESENTAR, QUE EL...\" \/>\n<meta property=\"og:url\" content=\"https:\/\/cocheriaoeste.com.ar\/?page_id=6936\" \/>\n<meta property=\"og:site_name\" content=\"Cocher\u00eda Oeste\" \/>\n<meta property=\"article:modified_time\" content=\"2018-12-12T18:56:00+00:00\" \/>\n<meta name=\"twitter:card\" content=\"summary_large_image\" \/>\n<meta name=\"twitter:label1\" content=\"Tiempo de lectura\" \/>\n\t<meta name=\"twitter:data1\" content=\"2 minutos\" \/>\n<script type=\"application\/ld+json\" class=\"yoast-schema-graph\">{\"@context\":\"https:\/\/schema.org\",\"@graph\":[{\"@type\":\"WebPage\",\"@id\":\"https:\/\/cocheriaoeste.com.ar\/?page_id=6936\",\"url\":\"https:\/\/cocheriaoeste.com.ar\/?page_id=6936\",\"name\":\"Informaci\u00f3n General - Cocher\u00eda Oeste\",\"isPartOf\":{\"@id\":\"https:\/\/cocheriaoeste.com.ar\/#website\"},\"datePublished\":\"2018-10-22T19:44:39+00:00\",\"dateModified\":\"2018-12-12T18:56:00+00:00\",\"breadcrumb\":{\"@id\":\"https:\/\/cocheriaoeste.com.ar\/?page_id=6936#breadcrumb\"},\"inLanguage\":\"es\",\"potentialAction\":[{\"@type\":\"ReadAction\",\"target\":[\"https:\/\/cocheriaoeste.com.ar\/?page_id=6936\"]}]},{\"@type\":\"BreadcrumbList\",\"@id\":\"https:\/\/cocheriaoeste.com.ar\/?page_id=6936#breadcrumb\",\"itemListElement\":[{\"@type\":\"ListItem\",\"position\":1,\"name\":\"Portada\",\"item\":\"https:\/\/cocheriaoeste.com.ar\/\"},{\"@type\":\"ListItem\",\"position\":2,\"name\":\"Informaci\u00f3n General\"}]},{\"@type\":\"WebSite\",\"@id\":\"https:\/\/cocheriaoeste.com.ar\/#website\",\"url\":\"https:\/\/cocheriaoeste.com.ar\/\",\"name\":\"Cocher\u00eda Oeste\",\"description\":\"\",\"potentialAction\":[{\"@type\":\"SearchAction\",\"target\":{\"@type\":\"EntryPoint\",\"urlTemplate\":\"https:\/\/cocheriaoeste.com.ar\/?s={search_term_string}\"},\"query-input\":\"required name=search_term_string\"}],\"inLanguage\":\"es\"}]}<\/script>\n<!-- \/ Yoast SEO plugin. -->","yoast_head_json":{"title":"Informaci\u00f3n General - Cocher\u00eda Oeste","robots":{"index":"noindex","follow":"follow","max-snippet":"max-snippet:-1","max-image-preview":"max-image-preview:large","max-video-preview":"max-video-preview:-1"},"og_locale":"es_ES","og_type":"article","og_title":"Informaci\u00f3n General - Cocher\u00eda Oeste","og_description":"EN CASO DE NECESITAR UN SERVICIO DIRIGIRSE O LLAMAR A: MENDOZA 6534 (0341-4565827\/0341-4565944) DARRAGUEIRA 1173 (0341-6792682\/0341-4556644) DOCUMENTACI\u00d3N INDISPENSABLE A PRESENTAR PARA SOLICITAR EL SERVICIO: DNI FALLECIDO DNI CONTRATANTE CERTIFICADO DE DEFUNCI\u00d3N FIRMADO LIBRETA DE MATRIMONIO SI FUERA CASADO (NO ES INDISPENSABLE) DOCUMENTACI\u00d3N SECUNDARIA: CADA OBRA SOCIAL TIENE SUS REQUISITOS Y DOCUMENTACIONES A PRESENTAR, QUE EL...","og_url":"https:\/\/cocheriaoeste.com.ar\/?page_id=6936","og_site_name":"Cocher\u00eda Oeste","article_modified_time":"2018-12-12T18:56:00+00:00","twitter_card":"summary_large_image","twitter_misc":{"Tiempo de lectura":"2 minutos"},"schema":{"@context":"https:\/\/schema.org","@graph":[{"@type":"WebPage","@id":"https:\/\/cocheriaoeste.com.ar\/?page_id=6936","url":"https:\/\/cocheriaoeste.com.ar\/?page_id=6936","name":"Informaci\u00f3n General - Cocher\u00eda Oeste","isPartOf":{"@id":"https:\/\/cocheriaoeste.com.ar\/#website"},"datePublished":"2018-10-22T19:44:39+00:00","dateModified":"2018-12-12T18:56:00+00:00","breadcrumb":{"@id":"https:\/\/cocheriaoeste.com.ar\/?page_id=6936#breadcrumb"},"inLanguage":"es","potentialAction":[{"@type":"ReadAction","target":["https:\/\/cocheriaoeste.com.ar\/?page_id=6936"]}]},{"@type":"BreadcrumbList","@id":"https:\/\/cocheriaoeste.com.ar\/?page_id=6936#breadcrumb","itemListElement":[{"@type":"ListItem","position":1,"name":"Portada","item":"https:\/\/cocheriaoeste.com.ar\/"},{"@type":"ListItem","position":2,"name":"Informaci\u00f3n General"}]},{"@type":"WebSite","@id":"https:\/\/cocheriaoeste.com.ar\/#website","url":"https:\/\/cocheriaoeste.com.ar\/","name":"Cocher\u00eda Oeste","description":"","potentialAction":[{"@type":"SearchAction","target":{"@type":"EntryPoint","urlTemplate":"https:\/\/cocheriaoeste.com.ar\/?s={search_term_string}"},"query-input":"required name=search_term_string"}],"inLanguage":"es"}]}},"_links":{"self":[{"href":"https:\/\/cocheriaoeste.com.ar\/index.php?rest_route=\/wp\/v2\/pages\/6936"}],"collection":[{"href":"https:\/\/cocheriaoeste.com.ar\/index.php?rest_route=\/wp\/v2\/pages"}],"about":[{"href":"https:\/\/cocheriaoeste.com.ar\/index.php?rest_route=\/wp\/v2\/types\/page"}],"author":[{"embeddable":true,"href":"https:\/\/cocheriaoeste.com.ar\/index.php?rest_route=\/wp\/v2\/users\/2"}],"replies":[{"embeddable":true,"href":"https:\/\/cocheriaoeste.com.ar\/index.php?rest_route=%2Fwp%2Fv2%2Fcomments&post=6936"}],"version-history":[{"count":6,"href":"https:\/\/cocheriaoeste.com.ar\/index.php?rest_route=\/wp\/v2\/pages\/6936\/revisions"}],"predecessor-version":[{"id":6995,"href":"https:\/\/cocheriaoeste.com.ar\/index.php?rest_route=\/wp\/v2\/pages\/6936\/revisions\/6995"}],"wp:attachment":[{"href":"https:\/\/cocheriaoeste.com.ar\/index.php?rest_route=%2Fwp%2Fv2%2Fmedia&parent=6936"}],"curies":[{"name":"wp","href":"https:\/\/api.w.org\/{rel}","templated":true}]}}